{"id":7016,"date":"2026-01-11T20:16:33","date_gmt":"2026-01-11T19:16:33","guid":{"rendered":"https:\/\/abastran.com\/produktion-und-technologie\/"},"modified":"2026-02-25T01:55:23","modified_gmt":"2026-02-25T00:55:23","slug":"produktion-und-technologie","status":"publish","type":"page","link":"https:\/\/abastran.com\/de\/realisierung-lieferung-und-montage\/produktion-und-technologie\/","title":{"rendered":"Produktion und Technologie"},"content":{"rendered":"\t\t<div data-elementor-type=\"wp-page\" data-elementor-id=\"7016\" class=\"elementor elementor-7016 elementor-6375\" data-elementor-post-type=\"page\">\n\t\t\t\t<div class=\"elementor-element elementor-element-81e41fb e-flex e-con-boxed e-con e-parent\" data-id=\"81e41fb\" data-element_type=\"container\" data-settings=\"{&quot;background_background&quot;:&quot;classic&quot;}\">\n\t\t\t\t\t<div class=\"e-con-inner\">\n\t\t\t\t<div class=\"elementor-element elementor-element-fd02b66 elementor-widget elementor-widget-heading\" data-id=\"fd02b66\" data-element_type=\"widget\" data-widget_type=\"heading.default\">\n\t\t\t\t\t<h1 class=\"elementor-heading-title elementor-size-default\">Produktion und Technologie<\/h1>\t\t\t\t<\/div>\n\t\t\t\t\t<\/div>\n\t\t\t\t<\/div>\n\t\t<div class=\"elementor-element elementor-element-c70acf4 e-flex e-con-boxed e-con e-parent\" data-id=\"c70acf4\" data-element_type=\"container\">\n\t\t\t\t\t<div class=\"e-con-inner\">\n\t\t<div class=\"elementor-element elementor-element-f88c37d e-con-full e-flex e-con e-child\" data-id=\"f88c37d\" data-element_type=\"container\">\n\t\t\t\t<div class=\"elementor-element elementor-element-55f30b1 elementor-widget elementor-widget-image\" data-id=\"55f30b1\" data-element_type=\"widget\" data-widget_type=\"image.default\">\n\t\t\t\t\t\t\t\t\t\t\t\t\t\t\t<img fetchpriority=\"high\" decoding=\"async\" width=\"640\" height=\"429\" src=\"https:\/\/abastran.com\/wp-content\/uploads\/2026\/02\/zdjecie-pierwsze-1024x687.png\" class=\"attachment-large size-large wp-image-7753\" alt=\"\" srcset=\"https:\/\/abastran.com\/wp-content\/uploads\/2026\/02\/zdjecie-pierwsze-1024x687.png 1024w, https:\/\/abastran.com\/wp-content\/uploads\/2026\/02\/zdjecie-pierwsze-300x201.png 300w, https:\/\/abastran.com\/wp-content\/uploads\/2026\/02\/zdjecie-pierwsze-768x515.png 768w, https:\/\/abastran.com\/wp-content\/uploads\/2026\/02\/zdjecie-pierwsze-1536x1030.png 1536w, https:\/\/abastran.com\/wp-content\/uploads\/2026\/02\/zdjecie-pierwsze-2048x1374.png 2048w\" sizes=\"(max-width: 640px) 100vw, 640px\" \/>\t\t\t\t\t\t\t\t\t\t\t\t\t\t\t<\/div>\n\t\t\t\t<\/div>\n\t\t<div class=\"elementor-element elementor-element-51f2cc2 e-con-full e-flex e-con e-child\" data-id=\"51f2cc2\" data-element_type=\"container\">\n\t\t\t\t<div class=\"elementor-element elementor-element-011825d elementor-widget elementor-widget-heading\" data-id=\"011825d\" data-element_type=\"widget\" data-widget_type=\"heading.default\">\n\t\t\t\t\t<h2 class=\"elementor-heading-title elementor-size-default\">HOCHFREQUENZ-PVC-VERSCHWEISSUNG (HF)<\/h2>\t\t\t\t<\/div>\n\t\t\t\t<div class=\"elementor-element elementor-element-4c4c223 elementor-widget elementor-widget-text-editor\" data-id=\"4c4c223\" data-element_type=\"widget\" data-widget_type=\"text-editor.default\">\n\t\t\t\t\t\t\t\t\t<p class=\"p1\">Technologie, die besonders langlebige, \u00e4sthetische und dichte Verbindungen von Membranelementen gew\u00e4hrleistet.<\/p>\t\t\t\t\t\t\t\t<\/div>\n\t\t\t\t<div class=\"elementor-element elementor-element-224550d elementor-align-left elementor-widget elementor-widget-button\" data-id=\"224550d\" data-element_type=\"widget\" data-widget_type=\"button.default\">\n\t\t\t\t\t\t\t\t\t\t<a class=\"elementor-button elementor-button-link elementor-size-sm\" href=\"https:\/\/abastran.com\/de\/realisierung-lieferung-und-montage\/produktion-und-technologie\/hochfrequenz-pvc-schweissen-hf\/\">\n\t\t\t\t\t\t<span class=\"elementor-button-content-wrapper\">\n\t\t\t\t\t\t\t\t\t<span class=\"elementor-button-text\">MEHR ERFAHREN<\/span>\n\t\t\t\t\t<\/span>\n\t\t\t\t\t<\/a>\n\t\t\t\t\t\t\t\t<\/div>\n\t\t\t\t<\/div>\n\t\t\t\t\t<\/div>\n\t\t\t\t<\/div>\n\t\t<div class=\"elementor-element elementor-element-e192c75 e-flex e-con-boxed e-con e-parent\" data-id=\"e192c75\" data-element_type=\"container\" data-settings=\"{&quot;background_background&quot;:&quot;classic&quot;}\">\n\t\t\t\t\t<div class=\"e-con-inner\">\n\t\t<div class=\"elementor-element elementor-element-ff73e88 e-con-full e-flex e-con e-child\" data-id=\"ff73e88\" data-element_type=\"container\">\n\t\t\t\t<div class=\"elementor-element elementor-element-7b311ac elementor-widget elementor-widget-heading\" data-id=\"7b311ac\" data-element_type=\"widget\" data-widget_type=\"heading.default\">\n\t\t\t\t\t<h2 class=\"elementor-heading-title elementor-size-default\">PVC-HEISSLUFTVERSCHWEISSUNG (HOT AIR)<\/h2>\t\t\t\t<\/div>\n\t\t\t\t<div class=\"elementor-element elementor-element-59c75db elementor-widget elementor-widget-text-editor\" data-id=\"59c75db\" data-element_type=\"widget\" data-widget_type=\"text-editor.default\">\n\t\t\t\t\t\t\t\t\t<p class=\"p1\">Eine schnelle und pr\u00e4zise Methode zum Verbinden von Fragmenten mit unregelm\u00e4\u00dfigen Formen, angewendet bei gro\u00dfen Fl\u00e4chen.<\/p>\t\t\t\t\t\t\t\t<\/div>\n\t\t\t\t<div class=\"elementor-element elementor-element-84a16d4 elementor-align-left elementor-widget elementor-widget-button\" data-id=\"84a16d4\" data-element_type=\"widget\" data-widget_type=\"button.default\">\n\t\t\t\t\t\t\t\t\t\t<a class=\"elementor-button elementor-button-link elementor-size-sm\" href=\"https:\/\/abastran.com\/de\/realisierung-lieferung-und-montage\/produktion-und-technologie\/pvc-schweissen-mit-heissluft-hot-air\/\">\n\t\t\t\t\t\t<span class=\"elementor-button-content-wrapper\">\n\t\t\t\t\t\t\t\t\t<span class=\"elementor-button-text\">MEHR ERFAHREN<\/span>\n\t\t\t\t\t<\/span>\n\t\t\t\t\t<\/a>\n\t\t\t\t\t\t\t\t<\/div>\n\t\t\t\t<\/div>\n\t\t<div class=\"elementor-element elementor-element-c1ba7c3 e-con-full e-flex e-con e-child\" data-id=\"c1ba7c3\" data-element_type=\"container\">\n\t\t\t\t<div class=\"elementor-element elementor-element-af5eba0 elementor-widget elementor-widget-image\" data-id=\"af5eba0\" data-element_type=\"widget\" data-widget_type=\"image.default\">\n\t\t\t\t\t\t\t\t\t\t\t\t\t\t\t<img decoding=\"async\" width=\"640\" height=\"449\" src=\"https:\/\/abastran.com\/wp-content\/uploads\/2026\/02\/zdjecie-pierwsze-1-1024x718.png\" class=\"attachment-large size-large wp-image-7763\" alt=\"\" srcset=\"https:\/\/abastran.com\/wp-content\/uploads\/2026\/02\/zdjecie-pierwsze-1-1024x718.png 1024w, https:\/\/abastran.com\/wp-content\/uploads\/2026\/02\/zdjecie-pierwsze-1-300x210.png 300w, https:\/\/abastran.com\/wp-content\/uploads\/2026\/02\/zdjecie-pierwsze-1-768x539.png 768w, https:\/\/abastran.com\/wp-content\/uploads\/2026\/02\/zdjecie-pierwsze-1-1536x1077.png 1536w, https:\/\/abastran.com\/wp-content\/uploads\/2026\/02\/zdjecie-pierwsze-1-2048x1436.png 2048w\" sizes=\"(max-width: 640px) 100vw, 640px\" \/>\t\t\t\t\t\t\t\t\t\t\t\t\t\t\t<\/div>\n\t\t\t\t<\/div>\n\t\t\t\t\t<\/div>\n\t\t\t\t<\/div>\n\t\t<div class=\"elementor-element elementor-element-60e9c42 e-flex e-con-boxed e-con e-parent\" data-id=\"60e9c42\" data-element_type=\"container\">\n\t\t\t\t\t<div class=\"e-con-inner\">\n\t\t<div class=\"elementor-element elementor-element-52a1026 e-con-full e-flex e-con e-child\" data-id=\"52a1026\" data-element_type=\"container\">\n\t\t\t\t<div class=\"elementor-element elementor-element-9e72efc elementor-widget elementor-widget-image\" data-id=\"9e72efc\" data-element_type=\"widget\" data-widget_type=\"image.default\">\n\t\t\t\t\t\t\t\t\t\t\t\t\t\t\t<img decoding=\"async\" width=\"640\" height=\"457\" src=\"https:\/\/abastran.com\/wp-content\/uploads\/2026\/02\/zdjecie-pierwsze-12-1024x731.jpg\" class=\"attachment-large size-large wp-image-8324\" alt=\"\" srcset=\"https:\/\/abastran.com\/wp-content\/uploads\/2026\/02\/zdjecie-pierwsze-12-1024x731.jpg 1024w, https:\/\/abastran.com\/wp-content\/uploads\/2026\/02\/zdjecie-pierwsze-12-300x214.jpg 300w, https:\/\/abastran.com\/wp-content\/uploads\/2026\/02\/zdjecie-pierwsze-12-768x549.jpg 768w, https:\/\/abastran.com\/wp-content\/uploads\/2026\/02\/zdjecie-pierwsze-12-1536x1097.jpg 1536w, https:\/\/abastran.com\/wp-content\/uploads\/2026\/02\/zdjecie-pierwsze-12-2048x1463.jpg 2048w\" sizes=\"(max-width: 640px) 100vw, 640px\" \/>\t\t\t\t\t\t\t\t\t\t\t\t\t\t\t<\/div>\n\t\t\t\t<\/div>\n\t\t<div class=\"elementor-element elementor-element-2e71003 e-con-full e-flex e-con e-child\" data-id=\"2e71003\" data-element_type=\"container\">\n\t\t\t\t<div class=\"elementor-element elementor-element-78c2dc6 elementor-widget elementor-widget-heading\" data-id=\"78c2dc6\" data-element_type=\"widget\" data-widget_type=\"heading.default\">\n\t\t\t\t\t<h2 class=\"elementor-heading-title elementor-size-default\">KONFEKTIONIERUNG VON PVC, PTFE, ETFE<\/h2>\t\t\t\t<\/div>\n\t\t\t\t<div class=\"elementor-element elementor-element-43e7482 elementor-widget elementor-widget-text-editor\" data-id=\"43e7482\" data-element_type=\"widget\" data-widget_type=\"text-editor.default\">\n\t\t\t\t\t\t\t\t\t<p class=\"p1\">Umfassende Vorbereitung von Membranen f\u00fcr die Montage unter Einhaltung h\u00f6chster Qualit\u00e4t und Pr\u00e4zision in der Ausf\u00fchrung. <\/p>\t\t\t\t\t\t\t\t<\/div>\n\t\t\t\t<div class=\"elementor-element elementor-element-64a7673 elementor-align-left elementor-widget elementor-widget-button\" data-id=\"64a7673\" data-element_type=\"widget\" data-widget_type=\"button.default\">\n\t\t\t\t\t\t\t\t\t\t<a class=\"elementor-button elementor-button-link elementor-size-sm\" href=\"https:\/\/abastran.com\/de\/pvc-ptfe-etfe-konfektion\/\">\n\t\t\t\t\t\t<span class=\"elementor-button-content-wrapper\">\n\t\t\t\t\t\t\t\t\t<span class=\"elementor-button-text\">DOWIEDZ SI\u0118 WI\u0118CEJ<\/span>\n\t\t\t\t\t<\/span>\n\t\t\t\t\t<\/a>\n\t\t\t\t\t\t\t\t<\/div>\n\t\t\t\t<\/div>\n\t\t\t\t\t<\/div>\n\t\t\t\t<\/div>\n\t\t<div class=\"elementor-element elementor-element-ecbf74d e-flex e-con-boxed e-con e-parent\" data-id=\"ecbf74d\" data-element_type=\"container\" data-settings=\"{&quot;background_background&quot;:&quot;classic&quot;}\">\n\t\t\t\t\t<div class=\"e-con-inner\">\n\t\t<div class=\"elementor-element elementor-element-7b1cb34 e-con-full e-flex e-con e-child\" data-id=\"7b1cb34\" data-element_type=\"container\">\n\t\t\t\t<div class=\"elementor-element elementor-element-41791ba elementor-widget elementor-widget-heading\" data-id=\"41791ba\" data-element_type=\"widget\" data-widget_type=\"heading.default\">\n\t\t\t\t\t<h2 class=\"elementor-heading-title elementor-size-default\">N\u00c4HEN MIT INDUSTRIEMASCHINEN<\/h2>\t\t\t\t<\/div>\n\t\t\t\t<div class=\"elementor-element elementor-element-73e0c89 elementor-widget elementor-widget-text-editor\" data-id=\"73e0c89\" data-element_type=\"widget\" data-widget_type=\"text-editor.default\">\n\t\t\t\t\t\t\t\t\t<p class=\"p1\">Herstellung von Konstruktionsdetails und \u00e4sthetischen Oberfl\u00e4chen bei technischen Membranen.<\/p>\t\t\t\t\t\t\t\t<\/div>\n\t\t\t\t<div class=\"elementor-element elementor-element-895851a elementor-align-left elementor-widget elementor-widget-button\" data-id=\"895851a\" data-element_type=\"widget\" data-widget_type=\"button.default\">\n\t\t\t\t\t\t\t\t\t\t<a class=\"elementor-button elementor-button-link elementor-size-sm\" href=\"https:\/\/abastran.com\/de\/industrielles-maschinennaehen\/\">\n\t\t\t\t\t\t<span class=\"elementor-button-content-wrapper\">\n\t\t\t\t\t\t\t\t\t<span class=\"elementor-button-text\">DOWIEDZ SI\u0118 WI\u0118CEJ<\/span>\n\t\t\t\t\t<\/span>\n\t\t\t\t\t<\/a>\n\t\t\t\t\t\t\t\t<\/div>\n\t\t\t\t<\/div>\n\t\t<div class=\"elementor-element elementor-element-d8f8354 e-con-full e-flex e-con e-child\" data-id=\"d8f8354\" data-element_type=\"container\">\n\t\t\t\t<div class=\"elementor-element elementor-element-b05d611 elementor-widget elementor-widget-image\" data-id=\"b05d611\" data-element_type=\"widget\" data-widget_type=\"image.default\">\n\t\t\t\t\t\t\t\t\t\t\t\t\t\t\t<img loading=\"lazy\" decoding=\"async\" width=\"640\" height=\"453\" src=\"https:\/\/abastran.com\/wp-content\/uploads\/2026\/02\/zdjecie-pierwsze-1024x724.jpg\" class=\"attachment-large size-large wp-image-8325\" alt=\"\" srcset=\"https:\/\/abastran.com\/wp-content\/uploads\/2026\/02\/zdjecie-pierwsze-1024x724.jpg 1024w, https:\/\/abastran.com\/wp-content\/uploads\/2026\/02\/zdjecie-pierwsze-300x212.jpg 300w, https:\/\/abastran.com\/wp-content\/uploads\/2026\/02\/zdjecie-pierwsze-768x543.jpg 768w, https:\/\/abastran.com\/wp-content\/uploads\/2026\/02\/zdjecie-pierwsze-1536x1086.jpg 1536w, https:\/\/abastran.com\/wp-content\/uploads\/2026\/02\/zdjecie-pierwsze-2048x1448.jpg 2048w\" sizes=\"(max-width: 640px) 100vw, 640px\" \/>\t\t\t\t\t\t\t\t\t\t\t\t\t\t\t<\/div>\n\t\t\t\t<\/div>\n\t\t\t\t\t<\/div>\n\t\t\t\t<\/div>\n\t\t<div class=\"elementor-element elementor-element-6a977b2 e-flex e-con-boxed e-con e-parent\" data-id=\"6a977b2\" data-element_type=\"container\">\n\t\t\t\t\t<div class=\"e-con-inner\">\n\t\t<div class=\"elementor-element elementor-element-5ae3210 e-con-full e-flex e-con e-child\" data-id=\"5ae3210\" data-element_type=\"container\">\n\t\t\t\t<div class=\"elementor-element elementor-element-4315bc4 elementor-widget elementor-widget-image\" data-id=\"4315bc4\" data-element_type=\"widget\" data-widget_type=\"image.default\">\n\t\t\t\t\t\t\t\t\t\t\t\t\t\t\t<img loading=\"lazy\" decoding=\"async\" width=\"640\" height=\"427\" src=\"https:\/\/abastran.com\/wp-content\/uploads\/2026\/02\/zdjecie-pierwsze-8-1024x683.jpg\" class=\"attachment-large size-large wp-image-7893\" alt=\"\" srcset=\"https:\/\/abastran.com\/wp-content\/uploads\/2026\/02\/zdjecie-pierwsze-8-1024x683.jpg 1024w, https:\/\/abastran.com\/wp-content\/uploads\/2026\/02\/zdjecie-pierwsze-8-300x200.jpg 300w, https:\/\/abastran.com\/wp-content\/uploads\/2026\/02\/zdjecie-pierwsze-8-768x512.jpg 768w, https:\/\/abastran.com\/wp-content\/uploads\/2026\/02\/zdjecie-pierwsze-8-1536x1024.jpg 1536w, https:\/\/abastran.com\/wp-content\/uploads\/2026\/02\/zdjecie-pierwsze-8-2048x1365.jpg 2048w\" sizes=\"(max-width: 640px) 100vw, 640px\" \/>\t\t\t\t\t\t\t\t\t\t\t\t\t\t\t<\/div>\n\t\t\t\t<\/div>\n\t\t<div class=\"elementor-element elementor-element-c1f498e e-con-full e-flex e-con e-child\" data-id=\"c1f498e\" data-element_type=\"container\">\n\t\t\t\t<div class=\"elementor-element elementor-element-9c077b6 elementor-widget elementor-widget-heading\" data-id=\"9c077b6\" data-element_type=\"widget\" data-widget_type=\"heading.default\">\n\t\t\t\t\t<h2 class=\"elementor-heading-title elementor-size-default\">CNC-SCHNEIDEPLOTTER<\/h2>\t\t\t\t<\/div>\n\t\t\t\t<div class=\"elementor-element elementor-element-d53d211 elementor-widget elementor-widget-text-editor\" data-id=\"d53d211\" data-element_type=\"widget\" data-widget_type=\"text-editor.default\">\n\t\t\t\t\t\t\t\t\t<p class=\"p1\">Pr\u00e4zises Schneiden von gro\u00dfformatigen Elementen mit einer Genauigkeit von Zehntelmillimetern.<\/p>\t\t\t\t\t\t\t\t<\/div>\n\t\t\t\t<div class=\"elementor-element elementor-element-2ab028c elementor-align-left elementor-widget elementor-widget-button\" data-id=\"2ab028c\" data-element_type=\"widget\" data-widget_type=\"button.default\">\n\t\t\t\t\t\t\t\t\t\t<a class=\"elementor-button elementor-button-link elementor-size-sm\" href=\"https:\/\/abastran.com\/de\/realisierung-lieferung-und-montage\/produktion-und-technologie\/cnc-plotterschnitt\/\">\n\t\t\t\t\t\t<span class=\"elementor-button-content-wrapper\">\n\t\t\t\t\t\t\t\t\t<span class=\"elementor-button-text\">MEHR ERFAHREN<\/span>\n\t\t\t\t\t<\/span>\n\t\t\t\t\t<\/a>\n\t\t\t\t\t\t\t\t<\/div>\n\t\t\t\t<\/div>\n\t\t\t\t\t<\/div>\n\t\t\t\t<\/div>\n\t\t\t\t<\/div>\n\t\t","protected":false},"excerpt":{"rendered":"<p>Produktion und Technologie HOCHFREQUENZ-PVC-VERSCHWEISSUNG (HF) Technologie, die besonders langlebige, \u00e4sthetische und dichte Verbindungen von Membranelementen gew\u00e4hrleistet. MEHR ERFAHREN PVC-HEISSLUFTVERSCHWEISSUNG (HOT AIR) Eine schnelle und pr\u00e4zise Methode zum Verbinden von Fragmenten mit unregelm\u00e4\u00dfigen Formen, angewendet bei gro\u00dfen Fl\u00e4chen. MEHR ERFAHREN KONFEKTIONIERUNG VON PVC, PTFE, ETFE Umfassende Vorbereitung von Membranen f\u00fcr die Montage unter Einhaltung h\u00f6chster Qualit\u00e4t [&hellip;]<\/p>\n","protected":false},"author":2,"featured_media":0,"parent":7070,"menu_order":0,"comment_status":"closed","ping_status":"closed","template":"","meta":{"footnotes":""},"class_list":["post-7016","page","type-page","status-publish","hentry"],"_links":{"self":[{"href":"https:\/\/abastran.com\/de\/wp-json\/wp\/v2\/pages\/7016","targetHints":{"allow":["GET"]}}],"collection":[{"href":"https:\/\/abastran.com\/de\/wp-json\/wp\/v2\/pages"}],"about":[{"href":"https:\/\/abastran.com\/de\/wp-json\/wp\/v2\/types\/page"}],"author":[{"embeddable":true,"href":"https:\/\/abastran.com\/de\/wp-json\/wp\/v2\/users\/2"}],"replies":[{"embeddable":true,"href":"https:\/\/abastran.com\/de\/wp-json\/wp\/v2\/comments?post=7016"}],"version-history":[{"count":7,"href":"https:\/\/abastran.com\/de\/wp-json\/wp\/v2\/pages\/7016\/revisions"}],"predecessor-version":[{"id":8326,"href":"https:\/\/abastran.com\/de\/wp-json\/wp\/v2\/pages\/7016\/revisions\/8326"}],"up":[{"embeddable":true,"href":"https:\/\/abastran.com\/de\/wp-json\/wp\/v2\/pages\/7070"}],"wp:attachment":[{"href":"https:\/\/abastran.com\/de\/wp-json\/wp\/v2\/media?parent=7016"}],"curies":[{"name":"wp","href":"https:\/\/api.w.org\/{rel}","templated":true}]}}